{"id":202,"date":"2026-03-20T18:47:48","date_gmt":"2026-03-20T18:47:48","guid":{"rendered":"https:\/\/portalestudante.com\/?page_id=202"},"modified":"2026-04-02T17:27:18","modified_gmt":"2026-04-02T15:27:18","slug":"contacto","status":"publish","type":"page","link":"https:\/\/portalestudante.com\/index.php\/contacto\/","title":{"rendered":"Sobre N\u00f3s"},"content":{"rendered":"\n<p>O Portal Estudante \u00e9 o teu parceiro na jornada acad\u00e9mica em Mo\u00e7ambique. Dedicamo-nos a partilhar as melhores oportunidades de bolsas, dicas de carreira e apoio estudantil.<\/p>\n\n\n\n<blockquote class=\"wp-block-quote is-layout-flow wp-block-quote-is-layout-flow\">\n<p>Tem alguma d\u00favida ou sugest\u00e3o? Contacte-nos atrav\u00e9s do e-mail oficial: <strong>info@portalestudante.com<\/strong><\/p>\n\n\n\n<ol class=\"wp-block-list\"><\/ol>\n<\/blockquote>\n\n\n\n<p><\/p>\n","protected":false},"excerpt":{"rendered":"<p>O Portal Estudante \u00e9 o teu parceiro na jornada acad\u00e9mica em Mo\u00e7ambique. Dedicamo-nos a partilhar as melhores oportunidades de bolsas, dicas de carreira e apoio estudantil. Tem alguma d\u00favida ou sugest\u00e3o? Contacte-nos atrav\u00e9s do e-mail oficial: info@portalestudante.com<\/p>\n","protected":false},"author":1,"featured_media":0,"parent":0,"menu_order":0,"comment_status":"closed","ping_status":"closed","template":"","meta":{"footnotes":""},"class_list":["post-202","page","type-page","status-publish","hentry"],"_links":{"self":[{"href":"https:\/\/portalestudante.com\/index.php\/wp-json\/wp\/v2\/pages\/202","targetHints":{"allow":["GET"]}}],"collection":[{"href":"https:\/\/portalestudante.com\/index.php\/wp-json\/wp\/v2\/pages"}],"about":[{"href":"https:\/\/portalestudante.com\/index.php\/wp-json\/wp\/v2\/types\/page"}],"author":[{"embeddable":true,"href":"https:\/\/portalestudante.com\/index.php\/wp-json\/wp\/v2\/users\/1"}],"replies":[{"embeddable":true,"href":"https:\/\/portalestudante.com\/index.php\/wp-json\/wp\/v2\/comments?post=202"}],"version-history":[{"count":5,"href":"https:\/\/portalestudante.com\/index.php\/wp-json\/wp\/v2\/pages\/202\/revisions"}],"predecessor-version":[{"id":290,"href":"https:\/\/portalestudante.com\/index.php\/wp-json\/wp\/v2\/pages\/202\/revisions\/290"}],"wp:attachment":[{"href":"https:\/\/portalestudante.com\/index.php\/wp-json\/wp\/v2\/media?parent=202"}],"curies":[{"name":"wp","href":"https:\/\/api.w.org\/{rel}","templated":true}]}}